{"id":3977,"date":"2021-04-26T14:14:28","date_gmt":"2021-04-26T14:14:28","guid":{"rendered":"https:\/\/sportingpinamare.com\/cookie-policy\/"},"modified":"2021-04-27T09:58:43","modified_gmt":"2021-04-27T09:58:43","slug":"cookie-policy","status":"publish","type":"page","link":"https:\/\/sportingpinamare.com\/en\/cookie-policy\/","title":{"rendered":"Cookie Policy"},"content":{"rendered":"\t\t<div data-elementor-type=\"wp-page\" data-elementor-id=\"3977\" class=\"elementor elementor-3977 elementor-3961\" data-elementor-post-type=\"page\">\n\t\t\t\t\t\t<section class=\"elementor-section elementor-top-section elementor-element elementor-element-9ead25d elementor-section-boxed elementor-section-height-default elementor-section-height-default\" data-id=\"9ead25d\" data-element_type=\"section\" data-e-type=\"section\" data-settings=\"{&quot;jet_parallax_layout_list&quot;:[{&quot;jet_parallax_layout_image&quot;:{&quot;url&quot;:&quot;&quot;,&quot;id&quot;:&quot;&quot;,&quot;size&quot;:&quot;&quot;},&quot;_id&quot;:&quot;53c6999&quot;,&quot;jet_parallax_layout_image_tablet&quot;:{&quot;url&quot;:&quot;&quot;,&quot;id&quot;:&quot;&quot;,&quot;size&quot;:&quot;&quot;},&quot;jet_parallax_layout_image_mobile&quot;:{&quot;url&quot;:&quot;&quot;,&quot;id&quot;:&quot;&quot;,&quot;size&quot;:&quot;&quot;},&quot;jet_parallax_layout_speed&quot;:{&quot;unit&quot;:&quot;%&quot;,&quot;size&quot;:50,&quot;sizes&quot;:[]},&quot;jet_parallax_layout_type&quot;:&quot;scroll&quot;,&quot;jet_parallax_layout_direction&quot;:&quot;1&quot;,&quot;jet_parallax_layout_fx_direction&quot;:null,&quot;jet_parallax_layout_z_index&quot;:&quot;&quot;,&quot;jet_parallax_layout_bg_x&quot;:50,&quot;jet_parallax_layout_bg_x_tablet&quot;:&quot;&quot;,&quot;jet_parallax_layout_bg_x_mobile&quot;:&quot;&quot;,&quot;jet_parallax_layout_bg_y&quot;:50,&quot;jet_parallax_layout_bg_y_tablet&quot;:&quot;&quot;,&quot;jet_parallax_layout_bg_y_mobile&quot;:&quot;&quot;,&quot;jet_parallax_layout_bg_size&quot;:&quot;auto&quot;,&quot;jet_parallax_layout_bg_size_tablet&quot;:&quot;&quot;,&quot;jet_parallax_layout_bg_size_mobile&quot;:&quot;&quot;,&quot;jet_parallax_layout_animation_prop&quot;:&quot;transform&quot;,&quot;jet_parallax_layout_on&quot;:[&quot;desktop&quot;,&quot;tablet&quot;]}]}\">\n\t\t\t\t\t\t<div class=\"elementor-container elementor-column-gap-default\">\n\t\t\t\t\t<div class=\"elementor-column elementor-col-100 elementor-top-column elementor-element elementor-element-9f9224c\" data-id=\"9f9224c\" data-element_type=\"column\" data-e-type=\"column\">\n\t\t\t<div class=\"elementor-widget-wrap elementor-element-populated\">\n\t\t\t\t\t\t<div class=\"elementor-element elementor-element-3fcc373 elementor-widget elementor-widget-text-editor\" data-id=\"3fcc373\" data-element_type=\"widget\" data-e-type=\"widget\" data-widget_type=\"text-editor.default\">\n\t\t\t\t<div class=\"elementor-widget-container\">\n\t\t\t\t\t\t\t\t\t<p align=\"CENTER\"><span style=\"font-family: Arial, sans-serif;\"><span style=\"font-size: medium;\"><b>COOKIE POLICY<\/b><\/span><\/span><\/p>\n<p align=\"CENTER\"><span style=\"font-family: Times New Roman, serif;\"><span style=\"font-size: medium;\"><span style=\"color: #0000ff;\"><span lang=\"zxx\"><u><a href=\"http:\/\/www.sportingpinamare.com\/\"><span style=\"font-family: Arial, sans-serif;\"><b>www.sportingpinamare.com<\/b><\/span><\/a><\/u><\/span><\/span><span style=\"font-family: Arial, sans-serif;\"><b><br \/><\/b><\/span><\/span><\/span><\/p>\n<p align=\"JUSTIFY\"><span style=\"font-family: Arial, sans-serif;\"><span style=\"font-size: medium;\"><b>CHE COS\u2019\u00c8 UN COOKIE E A COSA SERVE?<\/b><\/span><\/span><\/p>\n<p align=\"JUSTIFY\"><span style=\"font-family: Arial, sans-serif;\"><span style=\"font-size: medium;\">I cookie sono stringhe di testo di piccole dimensioni che vengono salvate nelle cartelle del browser degli utenti durante la navigazione sui siti Internet e contengono alcune informazioni (indicazione del server da cui sono stati generati o il dominio, la durata o la data di scadenza, un codice di identificazione univoco, un valore univoco, etc.). Il sito web consultato invia le suddette informazioni al browser che crea il cookie, archiviandolo nelle proprie directory. Durante la navigazione, i cookie che riguardano il sito che si sta navigando, vengono rinviati al server, che utilizza il valore del cookie per vari scopi, quali a titolo esemplificativo: agevolare la consultazione del sito e migliorare l&#8217;esperienza di navigazione; veicolare messaggi pubblicitari; acquisire informazioni statistiche relative alla navigazione degli utenti, etc.<\/span><\/span><\/p>\n<p align=\"JUSTIFY\"><span style=\"font-family: Arial, sans-serif;\"><span style=\"font-size: medium;\">Ulteriori informazioni relative ai cookie possono essere trovate al seguente indirizzo: http:\/\/www.allaboutcookies.org\/ .<\/span><\/span><\/p>\n<p align=\"JUSTIFY\"><a name=\"Bookmark\"><\/a> <span style=\"font-family: Arial, sans-serif;\"><span style=\"font-size: medium;\"><b>TIPOLOGIA DI COOKIE UTILIZZATI E FINALIT\u00c0<\/b><\/span><\/span><\/p>\n<p align=\"JUSTIFY\"><span style=\"font-family: Arial, sans-serif;\"><span style=\"font-size: medium;\">Questo Sito non installa n\u00e9 utilizza in modo automatico cookies persistenti che consentono o implicano l\u2019identificazione o la profilazione dell\u2019utente.<\/span><\/span><\/p>\n<p align=\"JUSTIFY\"><span style=\"font-family: Arial, sans-serif;\"><span style=\"font-size: medium;\">L&#8217;uso di cookies tecnici (che non vengono memorizzati in modo persistente sul dispositivo dell&#8217;utente) \u00e8 limitato alla trasmissione di identificativi di sessione (costituiti da sequenze casuali generate dal server) necessari per consentire l&#8217;esplorazione sicura ed efficiente del Sito (c.d. cookies di sessione) e alla raccolta di dati in forma aggregata, al fine di elaborare informazioni statistiche anonime sull&#8217;uso del Sito, per migliorare la fruizione dei servizi resi all\u2019utente (c.d. cookies analytics).<\/span><\/span><\/p>\n<p align=\"LEFT\"><span style=\"font-family: Arial, sans-serif;\"><span style=\"font-size: medium;\"><br \/>I cookie tecnici (di sessione e analitici di prima parte) in uso sul Sito sono:<br \/><\/span><\/span><\/p>\n<p align=\"JUSTIFY\"><span style=\"font-family: Arial, sans-serif;\"><span style=\"font-size: medium;\">Ip anonimizzati<\/span><\/span><\/p>\n<p><span style=\"font-family: Arial, sans-serif;\"><span style=\"font-size: medium;\">Cookie Google Maps e Analytics<\/span><\/span><\/p>\n<p><span style=\"font-family: Arial, sans-serif;\"><span style=\"font-size: medium;\">_ga<\/span><\/span><\/p>\n<p><span style=\"font-family: Arial, sans-serif;\"><span style=\"font-size: medium;\">_gat<\/span><\/span><\/p>\n<p><span style=\"font-family: Arial, sans-serif;\"><span style=\"font-size: medium;\">_gid<\/span><\/span><\/p>\n<p><span style=\"font-family: Arial, sans-serif;\"><span style=\"font-size: medium;\">Cookie tecnici di funzionamento:<\/span><\/span><\/p>\n<p><span style=\"font-family: Arial, sans-serif;\"><span style=\"font-size: medium;\">WordPress_logged_in<\/span><\/span><\/p>\n<p><span style=\"font-family: Arial, sans-serif;\"><span style=\"font-size: medium;\">Wp-setting-1<\/span><\/span><\/p>\n<p><span style=\"font-family: Arial, sans-serif;\"><span style=\"font-size: medium;\">Wp-settings-time-1<\/span><\/span><\/p>\n<p><span style=\"font-family: Arial, sans-serif;\"><span style=\"font-size: medium;\">Cookie tecnici di funzionamento multilingue:<\/span><\/span><\/p>\n<p><span style=\"font-family: Arial, sans-serif;\"><span style=\"font-size: medium;\">Wp-wpml_current_admin_language<\/span><\/span><\/p>\n<p><span style=\"font-family: Arial, sans-serif;\"><span style=\"font-size: medium;\">Wp-wpml_current_language<\/span><\/span><\/p>\n<p align=\"JUSTIFY\"><span style=\"font-family: Arial, sans-serif;\"><span style=\"font-size: medium;\"><b>COOKIE DI TERZA PARTE<\/b><\/span><\/span><\/p>\n<p align=\"JUSTIFY\"><span style=\"font-family: Arial, sans-serif;\"><span style=\"font-size: medium;\">I cookie di terza parte vengono impostati da un sito web diverso da quello che l&#8217;utente sta visitando e risiedono su server diversi da quello del sito visitato. Pertanto, l&#8217;utilizzo dei dati raccolti da questi operatori esterni tramite cookie \u00e8 sottoposto alle rispettive politiche sulla privacy.<\/span><\/span><\/p>\n<p align=\"JUSTIFY\"><span style=\"font-family: Arial, sans-serif;\"><span style=\"font-size: medium;\">Questo sito non fa in alcun modo uso di cookie c.d. \u201cdi profilazione\u201d (volti a creare profili relativi all\u2019utente e utilizzati al fine di inviare messaggi pubblicitari in linea con le preferenze manifestate dallo stesso nell\u2019ambito della navigazione in rete).<\/span><\/span><\/p>\n<p align=\"JUSTIFY\"><span style=\"font-family: Arial, sans-serif;\"><span style=\"font-size: medium;\">Nel corso della navigazione su questo sito web. l&#8217;utente pu\u00f2 ricevere sul suo dispositivo anche cookies che vengono inviati per interagire direttamente con le piattaforme social.<\/span><\/span><\/p>\n<p align=\"JUSTIFY\"><span style=\"font-family: Arial, sans-serif;\"><span style=\"font-size: medium;\">Il proprietario del Sito non ha accesso ai dati che sono cos\u00ec raccolti e trattati in piena autonomia dai gestori delle piattaforme di social networks. <\/span><\/span><\/p>\n<p align=\"JUSTIFY\"><span style=\"font-family: Arial, sans-serif;\"><span style=\"font-size: medium;\"><b>COME POSSO DISABILITARE I COOKIE?<\/b><\/span><\/span><\/p>\n<p align=\"JUSTIFY\"><span style=\"font-family: Times New Roman, serif;\"><span style=\"font-size: medium;\"><span style=\"font-family: Arial, sans-serif;\">La maggior parte dei browser \u00e8 configurata per accettare, controllare o eventualmente disabilitare i cookie attraverso le impostazioni.<\/span> <span style=\"font-family: Arial, sans-serif;\">Si ricorda, per\u00f2, che la disabilitazione, anche parziale, dei cookie tecnici potrebbe compromettere il funzionamento del Sito e\/o limitarne le funzionalit\u00e0.<\/span><\/span><\/span><\/p>\n<p align=\"JUSTIFY\"><span style=\"font-family: Arial, sans-serif;\"><span style=\"font-size: medium;\">La disabilitazione dei cookie di terza parte, invece, non pregiudica in alcun modo la navigabilit\u00e0.<\/span><\/span><\/p>\n<p align=\"JUSTIFY\"><span style=\"font-family: Arial, sans-serif;\"><span style=\"font-size: medium;\">Si indicano, di seguito, i link alle istruzioni fornite dai principali browser di navigazione per la gestione delle impostazioni sull\u2019installazione dei cookie: <\/span><\/span><\/p>\n<p align=\"LEFT\"><span style=\"font-family: Times New Roman, serif;\"><span style=\"font-size: medium;\"><span style=\"font-family: Arial, sans-serif;\"><span lang=\"en-GB\">Chrome: <\/span><\/span><span style=\"color: #0000ff;\"><span lang=\"zxx\"><u><a href=\"https:\/\/support.google.com\/chrome\/answer\/95647?hl=it\"><span style=\"font-family: Arial, sans-serif;\"><span lang=\"en-GB\">https:\/\/support.google.com\/chrome\/answer\/95647?hl=it<\/span><\/span><\/a><\/u><\/span><\/span> <\/span><\/span><\/p>\n<p align=\"LEFT\"><span style=\"font-family: Times New Roman, serif;\"><span style=\"font-size: medium;\"><span style=\"font-family: Arial, sans-serif;\"><span lang=\"en-GB\">Firefox: <\/span><\/span><span style=\"color: #0000ff;\"><span lang=\"zxx\"><u><a href=\"https:\/\/support.mozilla.org\/it\/kb\/Gestione%20dei%20cookie\"><span style=\"font-family: Arial, sans-serif;\"><span lang=\"en-GB\">https:\/\/support.mozilla.org\/it\/kb\/Gestione%20dei%20cookie<\/span><\/span><\/a><\/u><\/span><\/span><\/span><\/span><\/p>\n<p align=\"LEFT\"><span style=\"font-family: Times New Roman, serif;\"><span style=\"font-size: medium;\"><span style=\"font-family: Arial, sans-serif;\"><span lang=\"en-GB\">Internet Explorer: <\/span><\/span><span style=\"color: #0000ff;\"><span lang=\"zxx\"><u><a href=\"https:\/\/support.microsoft.com\/en-us\/help\/17442\/windows-internet-explorer-delete-manage-cookies\"><span style=\"font-family: Arial, sans-serif;\"><span lang=\"en-US\">https:\/\/support.microsoft.com\/en-us\/help\/17442\/windows-internet-explorer-delete-manage-cookies<\/span><\/span><\/a><\/u><\/span><\/span> <\/span><\/span><\/p>\n<p align=\"LEFT\"><span style=\"font-family: Times New Roman, serif;\"><span style=\"font-size: medium;\"><span style=\"font-family: Arial, sans-serif;\">Opera: <\/span><span style=\"color: #0000ff;\"><span lang=\"zxx\"><u><a href=\"http:\/\/help.opera.com\/Windows\/10.00\/it\/cookies.html\"><span style=\"font-family: Arial, sans-serif;\">http:\/\/help.opera.com\/Windows\/10.00\/it\/cookies.html<\/span><\/a><\/u><\/span><\/span> <\/span><\/span><\/p>\n<p align=\"LEFT\"><span style=\"font-family: Times New Roman, serif;\"><span style=\"font-size: medium;\"><span style=\"font-family: Arial, sans-serif;\">Safari: <\/span><span style=\"color: #0000ff;\"><span lang=\"zxx\"><u><a href=\"http:\/\/support.apple.com\/kb\/HT1677?viewlocale=it_IT\"><span style=\"font-family: Arial, sans-serif;\">http:\/\/support.apple.com\/kb\/HT1677?viewlocale=it_IT<\/span><\/a><\/u><\/span><\/span><\/span><\/span><\/p>\n<p align=\"JUSTIFY\"><span style=\"font-family: Arial, sans-serif;\"><span style=\"font-size: medium;\"><b>LIMITI DI RESPONSABILIT\u00c0<\/b><\/span><\/span><\/p>\n<p align=\"JUSTIFY\"><span style=\"font-family: Arial, sans-serif;\"><span style=\"font-size: medium;\">L\u2019azienda salvo diverse indicazioni di legge, non potr\u00e0 essere ritenuta in alcun modo responsabile dei danni di qualsiasi natura causati direttamente o indirettamente dall&#8217;accesso al suo sito web, dall&#8217;incapacit\u00e0 o impossibilit\u00e0 di accedervi, dall&#8217;affidamento alle notizie in esso contenute o dal loro impiego.Il Titolare, si riserva il diritto di modificarne i Suoi contenuti in qualsiasi momento e senza alcun preavviso. Non assume alcuna responsabilit\u00e0 per servizi offerti da terzi con i quali il sito abbia attivato un link di collegamento, e per qualsiasi altro contenuto, informazione o quanto altro contrario alle leggi dello Stato italiano in esso presenti. L&#8217;indicazione di link non implica, inoltre, alcun tipo di approvazione o condivisione di responsabilit\u00e0 in relazione alla completezza e alla correttezza delle informazioni contenute nei siti indicati.<\/span><\/span><\/p>\n<p align=\"JUSTIFY\"><a name=\"Bookmark1\"><\/a> <span style=\"font-family: Times New Roman, serif;\"><span style=\"font-size: medium;\"><span style=\"font-family: Arial, sans-serif;\">L&#8217;informativa relativa alla gestione dei cookie non \u00e8 da ritenersi valida per altri siti web di terze parti eventualmente consultabili tramite i link sopra indicati, di cui l\u2019azienda non \u00e8 in alcun modo responsabile. Alcuni browser (obsoleti, meno noti, ecc.) potrebbero causare problemi di compatibilit\u00e0 e le relative pagine o i vari elementi che le compongono, le funzionalit\u00e0 e altri contenuti potrebbero non essere correttamente visualizzati e\/o eseguiti. Per tutti gli eventuali problemi, anomalie, discrepanze riscontrate durante la navigazione, l&#8217;utente \u00e8 pregato di segnalare e rivolgere eventuali richieste all\u2019indirizzo e-mail sportingpinamare@gmail.com.<\/span><\/span><\/span><\/p>\n<p align=\"JUSTIFY\"><span style=\"font-family: Arial, sans-serif;\"><span style=\"font-size: medium;\">Data la natura dinamica del Web, non \u00e8 possibile essere sempre in grado di controllare i cookie che vengono memorizzati (in particolare dalle terze parti) per il tramite del presente sito web. Questo vale soprattutto nei casi di oggetti incorporati nelle pagine web consultate dall&#8217;utente. I servizi di terze parti potrebbero con il tempo modificare i cookie (numero, nomi, contenuti, ecc.) e l\u2019azienda potrebbe non venire a conoscenza in tempi brevi. Questo pu\u00f2 comportare alcune differenze tra la presente cookie policy e la situazione reale. <\/span><\/span><\/p>\n<p align=\"JUSTIFY\"><span style=\"font-family: Arial, sans-serif;\"><span style=\"font-size: medium;\">L\u2019azienda si impegna a utilizzare i dati generati dai cookie esclusivamente per gli scopi sopra indicati. La stessa non risponde del trattamento dei dati effettuato da Google con il sistema sopra descritto, limitandosi a prendere atto delle assicurazioni fornite dal medesimo. I dati generati dai cookie circa l&#8217;utilizzo del sito web da parte dell&#8217;utente (compreso l&#8217;indirizzo IP) sono trasmessi e depositati presso i server di Google. Google utilizza questi dati al fine di analizzare le abitudini di navigazione del presente sito e fornire all\u2019azienda rapporti sulle visite allo stesso. Google pu\u00f2 anche trasferire queste informazioni a terzi ove ci\u00f2 sia imposto dalla legge o laddove tali terzi trattino le suddette informazioni per conto di Google. Per consultare l&#8217;informativa privacy della Societ\u00e0 Google, relativa al servizio Google Analytics, si consiglia di visitare il sito http:\/\/www.google.com\/analytics\/learn\/privacy.html. Per conoscere le norme sulla privacy di Google, si invita a visitare il sito Internet http:\/\/www.google.com\/intl\/it\/policies\/privacy\/. Ferme restando le obbligazioni previste dall&#8217;ordinamento nazionale a carico della Societ\u00e0 Google in qualit\u00e0 di titolare autonomo del trattamento, \u00e8 unico ed esclusivo responsabile (civilmente e penalmente) del trattamento dei dati mediante il suddetto sistema.<\/span><\/span><\/p>\n<p align=\"JUSTIFY\"><span style=\"font-family: Arial, sans-serif;\"><span style=\"font-size: medium;\">La presente informativa \u00e8 aggiornata al 19\/04\/2021<\/span><\/span><\/p>\n<p align=\"JUSTIFY\">\n\t\t\t\t\t\t\t\t<\/div>\n\t\t\t\t<\/div>\n\t\t\t\t\t<\/div>\n\t\t<\/div>\n\t\t\t\t\t<\/div>\n\t\t<\/section>\n\t\t\t\t<\/div>\n\t\t","protected":false},"excerpt":{"rendered":"<p>COOKIE POLICY www.sportingpinamare.com CHE COS\u2019\u00c8 UN COOKIE E A COSA SERVE? I cookie sono stringhe di testo di piccole dimensioni che vengono salvate nelle cartelle del browser degli utenti durante la navigazione sui siti Internet e contengono alcune informazioni (indicazione del server da cui sono stati generati o il dominio, la durata o la data [&hellip;]<\/p>\n","protected":false},"author":1,"featured_media":0,"parent":0,"menu_order":0,"comment_status":"closed","ping_status":"closed","template":"","meta":{"_acf_changed":false,"inline_featured_image":false,"footnotes":""},"class_list":["post-3977","page","type-page","status-publish","hentry"],"acf":[],"yoast_head":"<!-- This site is optimized with the Yoast SEO plugin v27.3 - https:\/\/yoast.com\/product\/yoast-seo-wordpress\/ -->\n<title>Cookie Policy &#060; Sporting Pinamare Andora<\/title>\n<meta name=\"robots\" content=\"index, follow, max-snippet:-1, max-image-preview:large, max-video-preview:-1\" \/>\n<link rel=\"canonical\" href=\"https:\/\/sportingpinamare.com\/en\/cookie-policy\/\" \/>\n<meta property=\"og:locale\" content=\"en_US\" \/>\n<meta property=\"og:type\" content=\"article\" \/>\n<meta property=\"og:title\" content=\"Cookie Policy &#060; Sporting Pinamare Andora\" \/>\n<meta property=\"og:description\" content=\"COOKIE POLICY www.sportingpinamare.com CHE COS\u2019\u00c8 UN COOKIE E A COSA SERVE? I cookie sono stringhe di testo di piccole dimensioni che vengono salvate nelle cartelle del browser degli utenti durante la navigazione sui siti Internet e contengono alcune informazioni (indicazione del server da cui sono stati generati o il dominio, la durata o la data [&hellip;]\" \/>\n<meta property=\"og:url\" content=\"https:\/\/sportingpinamare.com\/en\/cookie-policy\/\" \/>\n<meta property=\"og:site_name\" content=\"Sporting Pinamare Andora\" \/>\n<meta property=\"article:modified_time\" content=\"2021-04-27T09:58:43+00:00\" \/>\n<meta name=\"twitter:card\" content=\"summary_large_image\" \/>\n<meta name=\"twitter:label1\" content=\"Est. reading time\" \/>\n\t<meta name=\"twitter:data1\" content=\"5 minutes\" \/>\n<script type=\"application\/ld+json\" class=\"yoast-schema-graph\">{\"@context\":\"https:\\\/\\\/schema.org\",\"@graph\":[{\"@type\":\"WebPage\",\"@id\":\"https:\\\/\\\/sportingpinamare.com\\\/en\\\/cookie-policy\\\/\",\"url\":\"https:\\\/\\\/sportingpinamare.com\\\/en\\\/cookie-policy\\\/\",\"name\":\"Cookie Policy &#060; Sporting Pinamare Andora\",\"isPartOf\":{\"@id\":\"https:\\\/\\\/sportingpinamare.com\\\/en\\\/#website\"},\"datePublished\":\"2021-04-26T14:14:28+00:00\",\"dateModified\":\"2021-04-27T09:58:43+00:00\",\"breadcrumb\":{\"@id\":\"https:\\\/\\\/sportingpinamare.com\\\/en\\\/cookie-policy\\\/#breadcrumb\"},\"inLanguage\":\"en-US\",\"potentialAction\":[{\"@type\":\"ReadAction\",\"target\":[\"https:\\\/\\\/sportingpinamare.com\\\/en\\\/cookie-policy\\\/\"]}]},{\"@type\":\"BreadcrumbList\",\"@id\":\"https:\\\/\\\/sportingpinamare.com\\\/en\\\/cookie-policy\\\/#breadcrumb\",\"itemListElement\":[{\"@type\":\"ListItem\",\"position\":1,\"name\":\"Home\",\"item\":\"https:\\\/\\\/sportingpinamare.com\\\/en\\\/\"},{\"@type\":\"ListItem\",\"position\":2,\"name\":\"Cookie Policy\"}]},{\"@type\":\"WebSite\",\"@id\":\"https:\\\/\\\/sportingpinamare.com\\\/en\\\/#website\",\"url\":\"https:\\\/\\\/sportingpinamare.com\\\/en\\\/\",\"name\":\"Sporting Pinamare Andora\",\"description\":\"Sport impianti e corsi\",\"potentialAction\":[{\"@type\":\"SearchAction\",\"target\":{\"@type\":\"EntryPoint\",\"urlTemplate\":\"https:\\\/\\\/sportingpinamare.com\\\/en\\\/?s={search_term_string}\"},\"query-input\":{\"@type\":\"PropertyValueSpecification\",\"valueRequired\":true,\"valueName\":\"search_term_string\"}}],\"inLanguage\":\"en-US\"}]}<\/script>\n<!-- \/ Yoast SEO plugin. -->","yoast_head_json":{"title":"Cookie Policy &#060; Sporting Pinamare Andora","robots":{"index":"index","follow":"follow","max-snippet":"max-snippet:-1","max-image-preview":"max-image-preview:large","max-video-preview":"max-video-preview:-1"},"canonical":"https:\/\/sportingpinamare.com\/en\/cookie-policy\/","og_locale":"en_US","og_type":"article","og_title":"Cookie Policy &#060; Sporting Pinamare Andora","og_description":"COOKIE POLICY www.sportingpinamare.com CHE COS\u2019\u00c8 UN COOKIE E A COSA SERVE? I cookie sono stringhe di testo di piccole dimensioni che vengono salvate nelle cartelle del browser degli utenti durante la navigazione sui siti Internet e contengono alcune informazioni (indicazione del server da cui sono stati generati o il dominio, la durata o la data [&hellip;]","og_url":"https:\/\/sportingpinamare.com\/en\/cookie-policy\/","og_site_name":"Sporting Pinamare Andora","article_modified_time":"2021-04-27T09:58:43+00:00","twitter_card":"summary_large_image","twitter_misc":{"Est. reading time":"5 minutes"},"schema":{"@context":"https:\/\/schema.org","@graph":[{"@type":"WebPage","@id":"https:\/\/sportingpinamare.com\/en\/cookie-policy\/","url":"https:\/\/sportingpinamare.com\/en\/cookie-policy\/","name":"Cookie Policy &#060; Sporting Pinamare Andora","isPartOf":{"@id":"https:\/\/sportingpinamare.com\/en\/#website"},"datePublished":"2021-04-26T14:14:28+00:00","dateModified":"2021-04-27T09:58:43+00:00","breadcrumb":{"@id":"https:\/\/sportingpinamare.com\/en\/cookie-policy\/#breadcrumb"},"inLanguage":"en-US","potentialAction":[{"@type":"ReadAction","target":["https:\/\/sportingpinamare.com\/en\/cookie-policy\/"]}]},{"@type":"BreadcrumbList","@id":"https:\/\/sportingpinamare.com\/en\/cookie-policy\/#breadcrumb","itemListElement":[{"@type":"ListItem","position":1,"name":"Home","item":"https:\/\/sportingpinamare.com\/en\/"},{"@type":"ListItem","position":2,"name":"Cookie Policy"}]},{"@type":"WebSite","@id":"https:\/\/sportingpinamare.com\/en\/#website","url":"https:\/\/sportingpinamare.com\/en\/","name":"Sporting Pinamare Andora","description":"Sport impianti e corsi","potentialAction":[{"@type":"SearchAction","target":{"@type":"EntryPoint","urlTemplate":"https:\/\/sportingpinamare.com\/en\/?s={search_term_string}"},"query-input":{"@type":"PropertyValueSpecification","valueRequired":true,"valueName":"search_term_string"}}],"inLanguage":"en-US"}]}},"_links":{"self":[{"href":"https:\/\/sportingpinamare.com\/en\/wp-json\/wp\/v2\/pages\/3977","targetHints":{"allow":["GET"]}}],"collection":[{"href":"https:\/\/sportingpinamare.com\/en\/wp-json\/wp\/v2\/pages"}],"about":[{"href":"https:\/\/sportingpinamare.com\/en\/wp-json\/wp\/v2\/types\/page"}],"author":[{"embeddable":true,"href":"https:\/\/sportingpinamare.com\/en\/wp-json\/wp\/v2\/users\/1"}],"replies":[{"embeddable":true,"href":"https:\/\/sportingpinamare.com\/en\/wp-json\/wp\/v2\/comments?post=3977"}],"version-history":[{"count":1,"href":"https:\/\/sportingpinamare.com\/en\/wp-json\/wp\/v2\/pages\/3977\/revisions"}],"predecessor-version":[{"id":3978,"href":"https:\/\/sportingpinamare.com\/en\/wp-json\/wp\/v2\/pages\/3977\/revisions\/3978"}],"wp:attachment":[{"href":"https:\/\/sportingpinamare.com\/en\/wp-json\/wp\/v2\/media?parent=3977"}],"curies":[{"name":"wp","href":"https:\/\/api.w.org\/{rel}","templated":true}]}}